{"id":5113,"date":"2024-09-01T22:25:13","date_gmt":"2024-09-01T22:25:13","guid":{"rendered":"https:\/\/sombrerosdelpiano.cl\/?post_type=product&#038;p=5113"},"modified":"2024-09-04T22:13:15","modified_gmt":"2024-09-04T22:13:15","slug":"sombrero-clasico-fantasia","status":"publish","type":"product","link":"https:\/\/sombrerosdelpiano.cl\/?product=sombrero-clasico-fantasia","title":{"rendered":"Sombrero Cl\u00e1sico Fantas\u00eda"},"content":{"rendered":"","protected":false},"excerpt":{"rendered":"<p>Sombrero Cl\u00e1sico Fantas\u00eda, Lino Algod\u00f3n<br \/>COLORES:<br \/>(3) Gris\/Beige<br \/>(5) Jeans\/Azul<br \/>TALLAS: S,M,L,XL<\/p>\n","protected":false},"featured_media":5195,"comment_status":"open","ping_status":"closed","template":"","meta":{"_joinchat":[]},"product_brand":[],"product_cat":[20,40,47],"product_tag":[],"class_list":{"0":"post-5113","1":"product","2":"type-product","3":"status-publish","4":"has-post-thumbnail","6":"product_cat-hombre","7":"product_cat-primavera-verano-hombre","8":"product_cat-sombreros-primavera-verano-hombre","10":"first","11":"instock","12":"shipping-taxable","13":"purchasable","14":"product-type-simple"},"_links":{"self":[{"href":"https:\/\/sombrerosdelpiano.cl\/index.php?rest_route=\/wp\/v2\/product\/5113","targetHints":{"allow":["GET"]}}],"collection":[{"href":"https:\/\/sombrerosdelpiano.cl\/index.php?rest_route=\/wp\/v2\/product"}],"about":[{"href":"https:\/\/sombrerosdelpiano.cl\/index.php?rest_route=\/wp\/v2\/types\/product"}],"replies":[{"embeddable":true,"href":"https:\/\/sombrerosdelpiano.cl\/index.php?rest_route=%2Fwp%2Fv2%2Fcomments&post=5113"}],"wp:featuredmedia":[{"embeddable":true,"href":"https:\/\/sombrerosdelpiano.cl\/index.php?rest_route=\/wp\/v2\/media\/5195"}],"wp:attachment":[{"href":"https:\/\/sombrerosdelpiano.cl\/index.php?rest_route=%2Fwp%2Fv2%2Fmedia&parent=5113"}],"wp:term":[{"taxonomy":"product_brand","embeddable":true,"href":"https:\/\/sombrerosdelpiano.cl\/index.php?rest_route=%2Fwp%2Fv2%2Fproduct_brand&post=5113"},{"taxonomy":"product_cat","embeddable":true,"href":"https:\/\/sombrerosdelpiano.cl\/index.php?rest_route=%2Fwp%2Fv2%2Fproduct_cat&post=5113"},{"taxonomy":"product_tag","embeddable":true,"href":"https:\/\/sombrerosdelpiano.cl\/index.php?rest_route=%2Fwp%2Fv2%2Fproduct_tag&post=5113"}],"curies":[{"name":"wp","href":"https:\/\/api.w.org\/{rel}","templated":true}]}}