{"id":4834,"date":"2024-04-01T11:30:19","date_gmt":"2024-04-01T11:30:19","guid":{"rendered":"https:\/\/sombrerosdelpiano.cl\/?post_type=product&#038;p=4834"},"modified":"2026-03-13T13:05:37","modified_gmt":"2026-03-13T13:05:37","slug":"sombrero-ingles-tweed-pano-lana","status":"publish","type":"product","link":"https:\/\/sombrerosdelpiano.cl\/?product=sombrero-ingles-tweed-pano-lana","title":{"rendered":"Sombrero Ingl\u00e9s Tweed"},"content":{"rendered":"<p>DESCRIPCI\u00d3N <span data-sheets-formula-bar-text-style=\"font-size:16px;color:#000000;font-weight:normal;text-decoration:none;font-family:'docs-Arial Black';font-style:normal;text-decoration-skip-ink:none;\">Sombrero Ingl\u00e9s Tweed <\/span><span data-sheets-formula-bar-text-style=\"font-size:13px;color:#000000;font-weight:normal;text-decoration:none;font-family:'docs-Arial Black';font-style:normal;text-decoration-skip-ink:none;\">Pa\u00f1o Lana<\/span> COLORES \u00danico TALLAS S,M,L,XL<\/p>\n","protected":false},"excerpt":{"rendered":"<p>DESCRIPCI\u00d3N Sombrero Ingl\u00e9s Tweed Pa\u00f1o Lana<\/p>\n<p>COLORES \u00danico<\/p>\n<p>TALLAS S,M,L,XL<\/p>\n","protected":false},"featured_media":4835,"comment_status":"open","ping_status":"closed","template":"","meta":{"_joinchat":[]},"product_brand":[],"product_cat":[20,37,46],"product_tag":[],"class_list":{"0":"post-4834","1":"product","2":"type-product","3":"status-publish","4":"has-post-thumbnail","6":"product_cat-hombre","7":"product_cat-otono-invierno-hombre","8":"product_cat-sombreros","10":"first","11":"instock","12":"shipping-taxable","13":"purchasable","14":"product-type-simple"},"_links":{"self":[{"href":"https:\/\/sombrerosdelpiano.cl\/index.php?rest_route=\/wp\/v2\/product\/4834","targetHints":{"allow":["GET"]}}],"collection":[{"href":"https:\/\/sombrerosdelpiano.cl\/index.php?rest_route=\/wp\/v2\/product"}],"about":[{"href":"https:\/\/sombrerosdelpiano.cl\/index.php?rest_route=\/wp\/v2\/types\/product"}],"replies":[{"embeddable":true,"href":"https:\/\/sombrerosdelpiano.cl\/index.php?rest_route=%2Fwp%2Fv2%2Fcomments&post=4834"}],"wp:featuredmedia":[{"embeddable":true,"href":"https:\/\/sombrerosdelpiano.cl\/index.php?rest_route=\/wp\/v2\/media\/4835"}],"wp:attachment":[{"href":"https:\/\/sombrerosdelpiano.cl\/index.php?rest_route=%2Fwp%2Fv2%2Fmedia&parent=4834"}],"wp:term":[{"taxonomy":"product_brand","embeddable":true,"href":"https:\/\/sombrerosdelpiano.cl\/index.php?rest_route=%2Fwp%2Fv2%2Fproduct_brand&post=4834"},{"taxonomy":"product_cat","embeddable":true,"href":"https:\/\/sombrerosdelpiano.cl\/index.php?rest_route=%2Fwp%2Fv2%2Fproduct_cat&post=4834"},{"taxonomy":"product_tag","embeddable":true,"href":"https:\/\/sombrerosdelpiano.cl\/index.php?rest_route=%2Fwp%2Fv2%2Fproduct_tag&post=4834"}],"curies":[{"name":"wp","href":"https:\/\/api.w.org\/{rel}","templated":true}]}}