{"id":3372,"date":"2023-03-08T19:44:06","date_gmt":"2023-03-08T19:44:06","guid":{"rendered":"https:\/\/sombrerosdelpiano.cl\/?post_type=product&#038;p=3372"},"modified":"2026-03-09T19:15:17","modified_gmt":"2026-03-09T19:15:17","slug":"sombrero-llanero","status":"publish","type":"product","link":"https:\/\/sombrerosdelpiano.cl\/?product=sombrero-llanero","title":{"rendered":"Sombrero Llanero"},"content":{"rendered":"<p>DESCRIPCI\u00d3N Sombrero Fieltro Ala 6,5cm MATERIAL Fieltro 100% Lana COLORES Hazel, Negro, Gris, Caf\u00e9 Americano, Caf\u00e9 Medio, Loden, Tabaco<\/p>\n<p>TALLAS: S-M-L-XL<\/p>\n","protected":false},"excerpt":{"rendered":"<p>DESCRIPCI\u00d3N Sombrero Fieltro Ala 6,5cm MATERIAL Fieltro 100% Lana COLORES Hazel, Negro, Gris, Caf\u00e9 Americano, Caf\u00e9 Medio, Loden, Tabaco<\/p>\n<p>TALLAS: S-M-L-XL<\/p>\n","protected":false},"featured_media":6091,"comment_status":"open","ping_status":"closed","template":"","meta":{"_joinchat":[]},"product_brand":[],"product_cat":[20,37,46],"product_tag":[],"class_list":{"0":"post-3372","1":"product","2":"type-product","3":"status-publish","4":"has-post-thumbnail","6":"product_cat-hombre","7":"product_cat-otono-invierno-hombre","8":"product_cat-sombreros","10":"first","11":"instock","12":"shipping-taxable","13":"purchasable","14":"product-type-simple"},"_links":{"self":[{"href":"https:\/\/sombrerosdelpiano.cl\/index.php?rest_route=\/wp\/v2\/product\/3372","targetHints":{"allow":["GET"]}}],"collection":[{"href":"https:\/\/sombrerosdelpiano.cl\/index.php?rest_route=\/wp\/v2\/product"}],"about":[{"href":"https:\/\/sombrerosdelpiano.cl\/index.php?rest_route=\/wp\/v2\/types\/product"}],"replies":[{"embeddable":true,"href":"https:\/\/sombrerosdelpiano.cl\/index.php?rest_route=%2Fwp%2Fv2%2Fcomments&post=3372"}],"wp:featuredmedia":[{"embeddable":true,"href":"https:\/\/sombrerosdelpiano.cl\/index.php?rest_route=\/wp\/v2\/media\/6091"}],"wp:attachment":[{"href":"https:\/\/sombrerosdelpiano.cl\/index.php?rest_route=%2Fwp%2Fv2%2Fmedia&parent=3372"}],"wp:term":[{"taxonomy":"product_brand","embeddable":true,"href":"https:\/\/sombrerosdelpiano.cl\/index.php?rest_route=%2Fwp%2Fv2%2Fproduct_brand&post=3372"},{"taxonomy":"product_cat","embeddable":true,"href":"https:\/\/sombrerosdelpiano.cl\/index.php?rest_route=%2Fwp%2Fv2%2Fproduct_cat&post=3372"},{"taxonomy":"product_tag","embeddable":true,"href":"https:\/\/sombrerosdelpiano.cl\/index.php?rest_route=%2Fwp%2Fv2%2Fproduct_tag&post=3372"}],"curies":[{"name":"wp","href":"https:\/\/api.w.org\/{rel}","templated":true}]}}