{"id":3363,"date":"2023-03-08T19:44:05","date_gmt":"2023-03-08T19:44:05","guid":{"rendered":"https:\/\/sombrerosdelpiano.cl\/?post_type=product&#038;p=3363"},"modified":"2026-03-09T19:14:30","modified_gmt":"2026-03-09T19:14:30","slug":"sombrero-texano-3","status":"publish","type":"product","link":"https:\/\/sombrerosdelpiano.cl\/?product=sombrero-texano-3","title":{"rendered":"Sombrero Texano"},"content":{"rendered":"<p>DESCRIPCI\u00d3N Sombrero Texano Ala 8,5cm MATERIAL Fieltro 100% Lana COLORES Negro, Caf\u00e9 Americano, Caf\u00e9 Medio, Hazel, Silver arena<\/p>\n<p>TALLAS S-M-L-XL<\/p>\n","protected":false},"excerpt":{"rendered":"<p>DESCRIPCI\u00d3N Sombrero Texano Ala 8,5cm MATERIAL Fieltro 100% Lana COLORES Negro, Caf\u00e9 Americano, Caf\u00e9 Medio, Hazel, Silver arena<\/p>\n<p>TALLAS S-M-L-XL<\/p>\n","protected":false},"featured_media":6093,"comment_status":"open","ping_status":"closed","template":"","meta":{"_joinchat":[]},"product_brand":[],"product_cat":[20,22,37,38,46],"product_tag":[],"class_list":{"0":"post-3363","1":"product","2":"type-product","3":"status-publish","4":"has-post-thumbnail","6":"product_cat-hombre","7":"product_cat-mujer","8":"product_cat-otono-invierno-hombre","9":"product_cat-otono-invierno-mujer","10":"product_cat-sombreros","12":"first","13":"instock","14":"shipping-taxable","15":"purchasable","16":"product-type-simple"},"_links":{"self":[{"href":"https:\/\/sombrerosdelpiano.cl\/index.php?rest_route=\/wp\/v2\/product\/3363","targetHints":{"allow":["GET"]}}],"collection":[{"href":"https:\/\/sombrerosdelpiano.cl\/index.php?rest_route=\/wp\/v2\/product"}],"about":[{"href":"https:\/\/sombrerosdelpiano.cl\/index.php?rest_route=\/wp\/v2\/types\/product"}],"replies":[{"embeddable":true,"href":"https:\/\/sombrerosdelpiano.cl\/index.php?rest_route=%2Fwp%2Fv2%2Fcomments&post=3363"}],"wp:featuredmedia":[{"embeddable":true,"href":"https:\/\/sombrerosdelpiano.cl\/index.php?rest_route=\/wp\/v2\/media\/6093"}],"wp:attachment":[{"href":"https:\/\/sombrerosdelpiano.cl\/index.php?rest_route=%2Fwp%2Fv2%2Fmedia&parent=3363"}],"wp:term":[{"taxonomy":"product_brand","embeddable":true,"href":"https:\/\/sombrerosdelpiano.cl\/index.php?rest_route=%2Fwp%2Fv2%2Fproduct_brand&post=3363"},{"taxonomy":"product_cat","embeddable":true,"href":"https:\/\/sombrerosdelpiano.cl\/index.php?rest_route=%2Fwp%2Fv2%2Fproduct_cat&post=3363"},{"taxonomy":"product_tag","embeddable":true,"href":"https:\/\/sombrerosdelpiano.cl\/index.php?rest_route=%2Fwp%2Fv2%2Fproduct_tag&post=3363"}],"curies":[{"name":"wp","href":"https:\/\/api.w.org\/{rel}","templated":true}]}}