{"id":3349,"date":"2023-03-08T19:43:59","date_gmt":"2023-03-08T19:43:59","guid":{"rendered":"https:\/\/sombrerosdelpiano.cl\/?post_type=product&#038;p=3349"},"modified":"2023-10-03T19:43:51","modified_gmt":"2023-10-03T19:43:51","slug":"clasico-twist","status":"publish","type":"product","link":"https:\/\/sombrerosdelpiano.cl\/?product=clasico-twist","title":{"rendered":"Cl\u00e1sico Twist"},"content":{"rendered":"<p>DESCRIPCI\u00d3N Sombrero Cl\u00e1sico Twist<br \/>\nMATERIAL Paper<br \/>\nCOLORES Tostado, Crudo, Natural, Negro<br \/>\nTALLAS S,M<\/p>\n","protected":false},"excerpt":{"rendered":"<p>DESCRIPCI\u00d3N Sombrero Cl\u00e1sico Twist<br \/>\nMATERIAL Paper<br \/>\nCOLORES Tostado, Crudo, Natural, Negro<br \/>\nTALLAS S,M<\/p>\n","protected":false},"featured_media":475,"comment_status":"open","ping_status":"closed","template":"","meta":{"_joinchat":[]},"product_brand":[],"product_cat":[20,40,47],"product_tag":[],"class_list":{"0":"post-3349","1":"product","2":"type-product","3":"status-publish","4":"has-post-thumbnail","6":"product_cat-hombre","7":"product_cat-primavera-verano-hombre","8":"product_cat-sombreros-primavera-verano-hombre","10":"first","11":"instock","12":"shipping-taxable","13":"purchasable","14":"product-type-simple"},"_links":{"self":[{"href":"https:\/\/sombrerosdelpiano.cl\/index.php?rest_route=\/wp\/v2\/product\/3349","targetHints":{"allow":["GET"]}}],"collection":[{"href":"https:\/\/sombrerosdelpiano.cl\/index.php?rest_route=\/wp\/v2\/product"}],"about":[{"href":"https:\/\/sombrerosdelpiano.cl\/index.php?rest_route=\/wp\/v2\/types\/product"}],"replies":[{"embeddable":true,"href":"https:\/\/sombrerosdelpiano.cl\/index.php?rest_route=%2Fwp%2Fv2%2Fcomments&post=3349"}],"wp:featuredmedia":[{"embeddable":true,"href":"https:\/\/sombrerosdelpiano.cl\/index.php?rest_route=\/wp\/v2\/media\/475"}],"wp:attachment":[{"href":"https:\/\/sombrerosdelpiano.cl\/index.php?rest_route=%2Fwp%2Fv2%2Fmedia&parent=3349"}],"wp:term":[{"taxonomy":"product_brand","embeddable":true,"href":"https:\/\/sombrerosdelpiano.cl\/index.php?rest_route=%2Fwp%2Fv2%2Fproduct_brand&post=3349"},{"taxonomy":"product_cat","embeddable":true,"href":"https:\/\/sombrerosdelpiano.cl\/index.php?rest_route=%2Fwp%2Fv2%2Fproduct_cat&post=3349"},{"taxonomy":"product_tag","embeddable":true,"href":"https:\/\/sombrerosdelpiano.cl\/index.php?rest_route=%2Fwp%2Fv2%2Fproduct_tag&post=3349"}],"curies":[{"name":"wp","href":"https:\/\/api.w.org\/{rel}","templated":true}]}}