{"id":3339,"date":"2023-03-08T19:43:58","date_gmt":"2023-03-08T19:43:58","guid":{"rendered":"https:\/\/sombrerosdelpiano.cl\/?post_type=product&#038;p=3339"},"modified":"2026-03-13T00:05:38","modified_gmt":"2026-03-13T00:05:38","slug":"clasico-borsalino-randado","status":"publish","type":"product","link":"https:\/\/sombrerosdelpiano.cl\/?product=clasico-borsalino-randado","title":{"rendered":"Cl\u00e1sico Borsalino Randado"},"content":{"rendered":"","protected":false},"excerpt":{"rendered":"<p>Descripci\u00f3n: Sombrero Cl\u00e1sico Borsalino\u00a0 \u2013 Ala 61\/2 a 7cm<br \/>Material: Toquilla Brisa Copa Randada<br \/>Colores: Barquillo, Crudo, Canela<br \/>Tallas: S,M,L,XL,XXL<\/p>\n","protected":false},"featured_media":452,"comment_status":"open","ping_status":"closed","template":"","meta":{"_joinchat":[]},"product_brand":[],"product_cat":[20,40,47],"product_tag":[],"class_list":{"0":"post-3339","1":"product","2":"type-product","3":"status-publish","4":"has-post-thumbnail","6":"product_cat-hombre","7":"product_cat-primavera-verano-hombre","8":"product_cat-sombreros-primavera-verano-hombre","10":"first","11":"instock","12":"shipping-taxable","13":"purchasable","14":"product-type-simple"},"_links":{"self":[{"href":"https:\/\/sombrerosdelpiano.cl\/index.php?rest_route=\/wp\/v2\/product\/3339","targetHints":{"allow":["GET"]}}],"collection":[{"href":"https:\/\/sombrerosdelpiano.cl\/index.php?rest_route=\/wp\/v2\/product"}],"about":[{"href":"https:\/\/sombrerosdelpiano.cl\/index.php?rest_route=\/wp\/v2\/types\/product"}],"replies":[{"embeddable":true,"href":"https:\/\/sombrerosdelpiano.cl\/index.php?rest_route=%2Fwp%2Fv2%2Fcomments&post=3339"}],"wp:featuredmedia":[{"embeddable":true,"href":"https:\/\/sombrerosdelpiano.cl\/index.php?rest_route=\/wp\/v2\/media\/452"}],"wp:attachment":[{"href":"https:\/\/sombrerosdelpiano.cl\/index.php?rest_route=%2Fwp%2Fv2%2Fmedia&parent=3339"}],"wp:term":[{"taxonomy":"product_brand","embeddable":true,"href":"https:\/\/sombrerosdelpiano.cl\/index.php?rest_route=%2Fwp%2Fv2%2Fproduct_brand&post=3339"},{"taxonomy":"product_cat","embeddable":true,"href":"https:\/\/sombrerosdelpiano.cl\/index.php?rest_route=%2Fwp%2Fv2%2Fproduct_cat&post=3339"},{"taxonomy":"product_tag","embeddable":true,"href":"https:\/\/sombrerosdelpiano.cl\/index.php?rest_route=%2Fwp%2Fv2%2Fproduct_tag&post=3339"}],"curies":[{"name":"wp","href":"https:\/\/api.w.org\/{rel}","templated":true}]}}