{"id":3312,"date":"2023-03-08T19:43:49","date_gmt":"2023-03-08T19:43:49","guid":{"rendered":"https:\/\/sombrerosdelpiano.cl\/?post_type=product&#038;p=3312"},"modified":"2025-09-03T20:48:58","modified_gmt":"2025-09-03T20:48:58","slug":"sombrero-clasico-sinatra","status":"publish","type":"product","link":"https:\/\/sombrerosdelpiano.cl\/?product=sombrero-clasico-sinatra","title":{"rendered":"Sombrero Cl\u00e1sico Sinatra"},"content":{"rendered":"","protected":false},"excerpt":{"rendered":"<p>Descripci\u00f3n: Sombrero Cl\u00e1sico Sinatra Material: Algod\u00f3n\/Rafia<br \/>Colores: Negro\/Natural \u2013 Beige\/Caf\u00e9 \u2013 Blanco\/Natural<br \/>Tallas: \u00danica Ajustable<\/p>\n","protected":false},"featured_media":358,"comment_status":"open","ping_status":"closed","template":"","meta":{"_joinchat":[]},"product_brand":[],"product_cat":[22,39],"product_tag":[],"class_list":{"0":"post-3312","1":"product","2":"type-product","3":"status-publish","4":"has-post-thumbnail","6":"product_cat-mujer","7":"product_cat-primavera-verano-mujer","9":"first","10":"instock","11":"shipping-taxable","12":"purchasable","13":"product-type-simple"},"_links":{"self":[{"href":"https:\/\/sombrerosdelpiano.cl\/index.php?rest_route=\/wp\/v2\/product\/3312","targetHints":{"allow":["GET"]}}],"collection":[{"href":"https:\/\/sombrerosdelpiano.cl\/index.php?rest_route=\/wp\/v2\/product"}],"about":[{"href":"https:\/\/sombrerosdelpiano.cl\/index.php?rest_route=\/wp\/v2\/types\/product"}],"replies":[{"embeddable":true,"href":"https:\/\/sombrerosdelpiano.cl\/index.php?rest_route=%2Fwp%2Fv2%2Fcomments&post=3312"}],"wp:featuredmedia":[{"embeddable":true,"href":"https:\/\/sombrerosdelpiano.cl\/index.php?rest_route=\/wp\/v2\/media\/358"}],"wp:attachment":[{"href":"https:\/\/sombrerosdelpiano.cl\/index.php?rest_route=%2Fwp%2Fv2%2Fmedia&parent=3312"}],"wp:term":[{"taxonomy":"product_brand","embeddable":true,"href":"https:\/\/sombrerosdelpiano.cl\/index.php?rest_route=%2Fwp%2Fv2%2Fproduct_brand&post=3312"},{"taxonomy":"product_cat","embeddable":true,"href":"https:\/\/sombrerosdelpiano.cl\/index.php?rest_route=%2Fwp%2Fv2%2Fproduct_cat&post=3312"},{"taxonomy":"product_tag","embeddable":true,"href":"https:\/\/sombrerosdelpiano.cl\/index.php?rest_route=%2Fwp%2Fv2%2Fproduct_tag&post=3312"}],"curies":[{"name":"wp","href":"https:\/\/api.w.org\/{rel}","templated":true}]}}