{"id":3310,"date":"2023-03-08T19:43:48","date_gmt":"2023-03-08T19:43:48","guid":{"rendered":"https:\/\/sombrerosdelpiano.cl\/?post_type=product&#038;p=3310"},"modified":"2023-10-03T20:00:57","modified_gmt":"2023-10-03T20:00:57","slug":"sombrero-clasico-listado","status":"publish","type":"product","link":"https:\/\/sombrerosdelpiano.cl\/?product=sombrero-clasico-listado","title":{"rendered":"Sombrero Cl\u00e1sico Listado"},"content":{"rendered":"<p>DESCRIPCI\u00d3N Sombrero Cl\u00e1sico Listado<br \/>\nMATERIAL Paper<br \/>\nCOLORES Barquillo\/Caf\u00e9 \u2013 Crudo\/Negro<br \/>\nTALLAS S,M<\/p>\n","protected":false},"excerpt":{"rendered":"<p>DESCRIPCI\u00d3N Sombrero Cl\u00e1sico Listado<br \/>\nMATERIAL Paper<br \/>\nCOLORES Barquillo\/Caf\u00e9 \u2013 Crudo\/Negro<br \/>\nTALLAS S,M<\/p>\n","protected":false},"featured_media":344,"comment_status":"open","ping_status":"closed","template":"","meta":{"_joinchat":[]},"product_brand":[],"product_cat":[22,39],"product_tag":[],"class_list":{"0":"post-3310","1":"product","2":"type-product","3":"status-publish","4":"has-post-thumbnail","6":"product_cat-mujer","7":"product_cat-primavera-verano-mujer","9":"first","10":"instock","11":"shipping-taxable","12":"purchasable","13":"product-type-simple"},"_links":{"self":[{"href":"https:\/\/sombrerosdelpiano.cl\/index.php?rest_route=\/wp\/v2\/product\/3310","targetHints":{"allow":["GET"]}}],"collection":[{"href":"https:\/\/sombrerosdelpiano.cl\/index.php?rest_route=\/wp\/v2\/product"}],"about":[{"href":"https:\/\/sombrerosdelpiano.cl\/index.php?rest_route=\/wp\/v2\/types\/product"}],"replies":[{"embeddable":true,"href":"https:\/\/sombrerosdelpiano.cl\/index.php?rest_route=%2Fwp%2Fv2%2Fcomments&post=3310"}],"wp:featuredmedia":[{"embeddable":true,"href":"https:\/\/sombrerosdelpiano.cl\/index.php?rest_route=\/wp\/v2\/media\/344"}],"wp:attachment":[{"href":"https:\/\/sombrerosdelpiano.cl\/index.php?rest_route=%2Fwp%2Fv2%2Fmedia&parent=3310"}],"wp:term":[{"taxonomy":"product_brand","embeddable":true,"href":"https:\/\/sombrerosdelpiano.cl\/index.php?rest_route=%2Fwp%2Fv2%2Fproduct_brand&post=3310"},{"taxonomy":"product_cat","embeddable":true,"href":"https:\/\/sombrerosdelpiano.cl\/index.php?rest_route=%2Fwp%2Fv2%2Fproduct_cat&post=3310"},{"taxonomy":"product_tag","embeddable":true,"href":"https:\/\/sombrerosdelpiano.cl\/index.php?rest_route=%2Fwp%2Fv2%2Fproduct_tag&post=3310"}],"curies":[{"name":"wp","href":"https:\/\/api.w.org\/{rel}","templated":true}]}}